{"id":242,"date":"2019-01-04T10:09:22","date_gmt":"2019-01-04T10:09:22","guid":{"rendered":"http:\/\/pension-muelbauer.de\/?page_id=242"},"modified":"2022-10-15T12:25:39","modified_gmt":"2022-10-15T12:25:39","slug":"impressum","status":"publish","type":"page","link":"https:\/\/pension-muehlbauer.de\/?page_id=242","title":{"rendered":"Impressum"},"content":{"rendered":"\n<figure class=\"wp-block-table\"><table><tbody><tr><td>             Pension M\u00fchlbauer<br>             Sudelfeldstrasse 19<br>             83735 Bayrischzell<br>             Telefon +49 08023 809564<br>             E-Mail info@pension-muehlbauer.de<br>             Internet: www.pension-muehlbauer.de<br>            <br>             Besitzer: Elke und Franz M\u00fchlbauer<br>             Zust\u00e4ndige Aufsichtsbeh\u00f6rde: Gemeinde Bayrischzell<br>             <br>             Haftungshinweis:<br>              Trotz sorgf\u00e4ltiger inhaltlicher Kontrolle \u00fcbernehmen wir keine Haftung f\u00fcr die Inhalte externer Links.             F\u00fcr den Inhalt der verlinkten Seiten sind ausschlie\u00dflich deren Betreiber verantwortlich.<br>             <br>             Abgrenzung:<br>              Die Web-Pr\u00e4senz ist Teil des WWW und dementsprechend mit  fremden, sich jederzeit wandeln k\u00f6nnenden Web-Sites verkn\u00fcpft,             die folglich auch nicht diesem Verantwortungsbereich  unterliegen und f\u00fcr die nachfolgende Informationen nicht gelten.             Dass die Links weder gegen Sitten noch Gesetze versto\u00dfen,  wurde genau ein mal gepr\u00fcft: bevor sie hier aufgenommen wurden.              Solche Links, die zu fremden Webprojekten f\u00fchren, erkennen  Sie daran: Unterstrichen<br><br>Beitr\u00e4ge auf dieser Website k\u00f6nnen eingebettete Inhalte beinhalten (z.\u00a0B. Landkarten). Eingebettete Inhalte von anderen Websites verhalten sich exakt so, als ob der Besucher die andere Website besucht h\u00e4tte.<br>Diese Websites k\u00f6nnen Daten \u00fcber dich sammeln, Cookies benutzen, zus\u00e4tzliche Tracking-Dienste von Dritten einbetten und deine Interaktion mit diesem eingebetteten Inhalt aufzeichnen, inklusive deiner Interaktion mit dem eingebetteten Inhalt, falls du ein Konto hast und auf dieser Website angemeldet bist.<br>             <br>             Datenschutz:<br>             Jegliche \u00fcber Formulare erhobenen personenbezogenen Daten werden nicht weitergegeben             und nur f\u00fcr den Zweck der Bearbeitung Ihres Vorgangs verwendet.<br>             <br>             Online-Streitbeilegung:<br>             Hinweis zur Online-Streitbeilegung gem\u00e4\u00df Art. 14 Abs. 1 ODR-VO:             Die Europ\u00e4ische Kommission stellt eine Plattform zur Online-Streitbeilegung (OS) bereit,             die Sie unter <a rel=\"noreferrer noopener\" href=\"http:\/\/ec.europa.eu\/consumers\/odr\/\" target=\"_blank\">http:\/\/ec.europa.eu\/consumers\/odr\/<\/a> finden.                    <\/td><\/tr><tr><\/tr><\/tbody><\/table><\/figure>\n","protected":false},"excerpt":{"rendered":"<p>Pension M\u00fchlbauer Sudelfeldstrasse 19 83735 Bayrischzell Telefon +49 08023 809564 E-Mail info@pension-muehlbauer.de Internet: www.pension-muehlbauer.de Besitzer: Elke und Franz M\u00fchlbauer Zust\u00e4ndige Aufsichtsbeh\u00f6rde: Gemeinde Bayrischzell Haftungshinweis: Trotz sorgf\u00e4ltiger inhaltlicher Kontrolle \u00fcbernehmen wir keine Haftung f\u00fcr die Inhalte externer Links. F\u00fcr den Inhalt der verlinkten Seiten sind ausschlie\u00dflich deren Betreiber verantwortlich. Abgrenzung: Die Web-Pr\u00e4senz ist Teil des WWW&#8230;<\/p>\n","protected":false},"author":1,"featured_media":0,"parent":0,"menu_order":0,"comment_status":"closed","ping_status":"closed","template":"","meta":[],"_links":{"self":[{"href":"https:\/\/pension-muehlbauer.de\/index.php?rest_route=\/wp\/v2\/pages\/242"}],"collection":[{"href":"https:\/\/pension-muehlbauer.de\/index.php?rest_route=\/wp\/v2\/pages"}],"about":[{"href":"https:\/\/pension-muehlbauer.de\/index.php?rest_route=\/wp\/v2\/types\/page"}],"author":[{"embeddable":true,"href":"https:\/\/pension-muehlbauer.de\/index.php?rest_route=\/wp\/v2\/users\/1"}],"replies":[{"embeddable":true,"href":"https:\/\/pension-muehlbauer.de\/index.php?rest_route=%2Fwp%2Fv2%2Fcomments&post=242"}],"version-history":[{"count":3,"href":"https:\/\/pension-muehlbauer.de\/index.php?rest_route=\/wp\/v2\/pages\/242\/revisions"}],"predecessor-version":[{"id":383,"href":"https:\/\/pension-muehlbauer.de\/index.php?rest_route=\/wp\/v2\/pages\/242\/revisions\/383"}],"wp:attachment":[{"href":"https:\/\/pension-muehlbauer.de\/index.php?rest_route=%2Fwp%2Fv2%2Fmedia&parent=242"}],"curies":[{"name":"wp","href":"https:\/\/api.w.org\/{rel}","templated":true}]}}